{"id":6264,"date":"2024-12-11T18:05:43","date_gmt":"2024-12-11T17:05:43","guid":{"rendered":"https:\/\/ciclobuff.es\/?post_type=product&#038;p=6264"},"modified":"2024-12-11T18:30:29","modified_gmt":"2024-12-11T17:30:29","slug":"calcetines-de-ciclismo-ciclobuff-icon","status":"publish","type":"product","link":"https:\/\/ciclobuff.es\/en\/shop\/athlete\/calcetines-de-ciclismo-ciclobuff-icon\/","title":{"rendered":"Calcetines de Ciclismo Ciclobuff Icon"},"content":{"rendered":"","protected":false},"excerpt":{"rendered":"<p>Calcetines Ciclobuff Icon, dise\u00f1ados para ciclistas y corredores, ofrecen m\u00e1xima resistencia y comodidad gracias a sus refuerzos en tal\u00f3n y punta. Gracias a su tejido con calado inteligente asegura una excelente transpiraci\u00f3n, manteniendo los pies frescos durante largas sesiones. Ideales para alto rendimiento.<\/p>\n","protected":false},"featured_media":6248,"template":"","meta":[],"product_brand":[],"product_cat":[35],"product_tag":[118],"class_list":{"0":"post-6264","1":"product","2":"type-product","3":"status-publish","4":"has-post-thumbnail","6":"product_cat-deportista","7":"product_tag-calcetines-icon","8":"product_shipping_class-bicicleta","10":"first","11":"instock","12":"taxable","13":"shipping-taxable","14":"purchasable","15":"product-type-variable"},"jetpack_sharing_enabled":true,"_links":{"self":[{"href":"https:\/\/ciclobuff.es\/en\/wp-json\/wp\/v2\/product\/6264","targetHints":{"allow":["GET"]}}],"collection":[{"href":"https:\/\/ciclobuff.es\/en\/wp-json\/wp\/v2\/product"}],"about":[{"href":"https:\/\/ciclobuff.es\/en\/wp-json\/wp\/v2\/types\/product"}],"wp:featuredmedia":[{"embeddable":true,"href":"https:\/\/ciclobuff.es\/en\/wp-json\/wp\/v2\/media\/6248"}],"wp:attachment":[{"href":"https:\/\/ciclobuff.es\/en\/wp-json\/wp\/v2\/media?parent=6264"}],"wp:term":[{"taxonomy":"product_brand","embeddable":true,"href":"https:\/\/ciclobuff.es\/en\/wp-json\/wp\/v2\/product_brand?post=6264"},{"taxonomy":"product_cat","embeddable":true,"href":"https:\/\/ciclobuff.es\/en\/wp-json\/wp\/v2\/product_cat?post=6264"},{"taxonomy":"product_tag","embeddable":true,"href":"https:\/\/ciclobuff.es\/en\/wp-json\/wp\/v2\/product_tag?post=6264"}],"curies":[{"name":"wp","href":"https:\/\/api.w.org\/{rel}","templated":true}]}}